{"id":3408,"date":"2022-07-25T19:46:54","date_gmt":"2022-07-25T19:46:54","guid":{"rendered":"https:\/\/indeep-liveaboard.com\/schedule\/"},"modified":"2023-08-19T09:22:23","modified_gmt":"2023-08-19T09:22:23","slug":"schedule","status":"publish","type":"page","link":"https:\/\/indeep-liveaboard.com\/de\/schedule\/","title":{"rendered":"Termine"},"content":{"rendered":"<div class=\"fusion-fullwidth fullwidth-box fusion-builder-row-1 fusion-flex-container has-pattern-background has-mask-background nonhundred-percent-fullwidth non-hundred-percent-height-scrolling\" style=\"--awb-border-radius-top-left:0px;--awb-border-radius-top-right:0px;--awb-border-radius-bottom-right:0px;--awb-border-radius-bottom-left:0px;--awb-flex-wrap:wrap;\" ><div class=\"fusion-builder-row fusion-row fusion-flex-align-items-flex-start fusion-flex-content-wrap\" style=\"max-width:1414.4px;margin-left: calc(-4% \/ 2 );margin-right: calc(-4% \/ 2 );\"><div class=\"fusion-layout-column fusion_builder_column fusion-builder-column-0 fusion_builder_column_1_1 1_1 fusion-flex-column\" style=\"--awb-bg-size:cover;--awb-width-large:100%;--awb-margin-top-large:0px;--awb-spacing-right-large:1.92%;--awb-margin-bottom-large:20px;--awb-spacing-left-large:1.92%;--awb-width-medium:100%;--awb-order-medium:0;--awb-spacing-right-medium:1.92%;--awb-spacing-left-medium:1.92%;--awb-width-small:100%;--awb-order-small:0;--awb-spacing-right-small:1.92%;--awb-spacing-left-small:1.92%;\"><div class=\"fusion-column-wrapper fusion-column-has-shadow fusion-flex-justify-content-flex-start fusion-content-layout-column\"><a class=\"fusion-modal-text-link\" data-toggle=\"modal\" data-target=\".fusion-modal.Schedule \" href=\"#\"><iframe id=\"liveaboardManagerApp\" style=\"border: none; width: 100%; height: 100%;\" title=\"Divers &amp; Co. Verf\u00fcgbarkeit\" src=\"https:\/\/indeep.liveaboardmanager.com\/customer-interface\"><\/iframe><\/p>\n<p><script type=\"text\/javascript\" src=\"https:\/\/cdnjs.cloudflare.com\/ajax\/libs\/iframe-resizer\/4.3.3\/iframeResizer.min.js\"><\/script><\/p>\n<p><script type=\"text\/javascript\">\n        iFrameResize({\n            log: true,\n            checkOrigin: false,\n            heightCalculationMethod : 'lowestElement'\n        }, '#liveaboardManagerApp');\n    <\/script><\/p>\n<\/a><\/div><\/div><div class=\"fusion-layout-column fusion_builder_column fusion-builder-column-1 fusion_builder_column_1_2 1_2 fusion-flex-column\" style=\"--awb-bg-size:cover;--awb-width-large:50%;--awb-margin-top-large:0px;--awb-spacing-right-large:3.84%;--awb-margin-bottom-large:20px;--awb-spacing-left-large:3.84%;--awb-width-medium:50%;--awb-order-medium:0;--awb-spacing-right-medium:3.84%;--awb-spacing-left-medium:3.84%;--awb-width-small:100%;--awb-order-small:0;--awb-spacing-right-small:1.92%;--awb-spacing-left-small:1.92%;\"><div class=\"fusion-column-wrapper fusion-column-has-shadow fusion-flex-justify-content-flex-start fusion-content-layout-column\"><div class=\"fusion-image-element \" style=\"--awb-caption-title-font-family:var(--h2_typography-font-family);--awb-caption-title-font-weight:var(--h2_typography-font-weight);--awb-caption-title-font-style:var(--h2_typography-font-style);--awb-caption-title-size:var(--h2_typography-font-size);--awb-caption-title-transform:var(--h2_typography-text-transform);--awb-caption-title-line-height:var(--h2_typography-line-height);--awb-caption-title-letter-spacing:var(--h2_typography-letter-spacing);\"><span class=\" fusion-imageframe imageframe-none imageframe-1 hover-type-none\"><img decoding=\"async\" width=\"1600\" height=\"1067\" title=\"Indeep Liveaboard Gallery 1\" src=\"https:\/\/indeep-liveaboard.com\/wp-content\/uploads\/2023\/04\/Indeep-Liveaboard-Gallery-1.jpg\" data-orig-src=\"https:\/\/indeep-liveaboard.com\/wp-content\/uploads\/2023\/04\/Indeep-Liveaboard-Gallery-1.jpg\" alt class=\"lazyload img-responsive wp-image-3231\" srcset=\"data:image\/svg+xml,%3Csvg%20xmlns%3D%27http%3A%2F%2Fwww.w3.org%2F2000%2Fsvg%27%20width%3D%271600%27%20height%3D%271067%27%20viewBox%3D%270%200%201600%201067%27%3E%3Crect%20width%3D%271600%27%20height%3D%271067%27%20fill-opacity%3D%220%22%2F%3E%3C%2Fsvg%3E\" data-srcset=\"https:\/\/indeep-liveaboard.com\/wp-content\/uploads\/2023\/04\/Indeep-Liveaboard-Gallery-1-200x133.jpg 200w, https:\/\/indeep-liveaboard.com\/wp-content\/uploads\/2023\/04\/Indeep-Liveaboard-Gallery-1-400x267.jpg 400w, https:\/\/indeep-liveaboard.com\/wp-content\/uploads\/2023\/04\/Indeep-Liveaboard-Gallery-1-600x400.jpg 600w, https:\/\/indeep-liveaboard.com\/wp-content\/uploads\/2023\/04\/Indeep-Liveaboard-Gallery-1-800x534.jpg 800w, https:\/\/indeep-liveaboard.com\/wp-content\/uploads\/2023\/04\/Indeep-Liveaboard-Gallery-1-1200x800.jpg 1200w, https:\/\/indeep-liveaboard.com\/wp-content\/uploads\/2023\/04\/Indeep-Liveaboard-Gallery-1.jpg 1600w\" data-sizes=\"auto\" data-orig-sizes=\"(max-width: 800px) 100vw, 800px\" \/><\/span><\/div><\/div><\/div><div class=\"fusion-layout-column fusion_builder_column fusion-builder-column-2 fusion_builder_column_1_2 1_2 fusion-flex-column\" style=\"--awb-bg-size:cover;--awb-width-large:50%;--awb-margin-top-large:0px;--awb-spacing-right-large:3.84%;--awb-margin-bottom-large:20px;--awb-spacing-left-large:3.84%;--awb-width-medium:50%;--awb-order-medium:0;--awb-spacing-right-medium:3.84%;--awb-spacing-left-medium:3.84%;--awb-width-small:100%;--awb-order-small:0;--awb-spacing-right-small:1.92%;--awb-spacing-left-small:1.92%;\"><div class=\"fusion-column-wrapper fusion-column-has-shadow fusion-flex-justify-content-flex-start fusion-content-layout-column\"><div class=\"fusion-text fusion-text-1\"><h3>Begleite uns auf ein unvergessliches Tauchabenteuer.<\/h3>\n<p>An Bord unserer Tauchsafaris erkundigst du die sch\u00f6nsten Tauchpl\u00e4tze von \u00c4gypten, Saudi-Arabien und den Malediven. Unseres von Tauchexperten zusammengestellteProgramm bietet dir eine Vielzahl von Taucherlebnissen, erkundige lebendige Korallenriffe, tauche mit aufregenden pelagischen Arten und lass dich von der Sch\u00f6nheit der Unterwasserwelt begeistern! Entdecke die verborgenen Sch\u00e4tze des Roten Meeres an der saudi-arabischen K\u00fcste, begegne der einzigartigen Unterwasserwelt der Malediven und tauche ein in die kristallklaren Gew\u00e4sser \u00c4gyptens. Mit unseren luxuri\u00f6sen Tauchsafaribooten und unserer erfahrenen Crew wird dein Tauchurlaub unvergesslich. St\u00f6bbere in unserem Terminplan und buche deine Tauchsafari noch heute!<\/p>\n<\/div><\/div><\/div><\/div><\/div>\n","protected":false},"excerpt":{"rendered":"","protected":false},"author":1,"featured_media":0,"parent":0,"menu_order":0,"comment_status":"closed","ping_status":"closed","template":"100-width.php","meta":{"footnotes":""},"class_list":["post-3408","page","type-page","status-publish","hentry"],"yoast_head":"<!-- This site is optimized with the Yoast SEO plugin v27.2 - https:\/\/yoast.com\/product\/yoast-seo-wordpress\/ -->\n<title>Termine - Indeep Liveaboard<\/title>\n<meta name=\"robots\" content=\"index, follow, max-snippet:-1, max-image-preview:large, max-video-preview:-1\" \/>\n<link rel=\"canonical\" href=\"https:\/\/indeep-liveaboard.com\/de\/schedule\/\" \/>\n<meta property=\"og:locale\" content=\"de_DE\" \/>\n<meta property=\"og:type\" content=\"article\" \/>\n<meta property=\"og:title\" content=\"Termine - Indeep Liveaboard\" \/>\n<meta property=\"og:url\" content=\"https:\/\/indeep-liveaboard.com\/de\/schedule\/\" \/>\n<meta property=\"og:site_name\" content=\"Indeep Liveaboard\" \/>\n<meta property=\"article:modified_time\" content=\"2023-08-19T09:22:23+00:00\" \/>\n<meta name=\"twitter:card\" content=\"summary_large_image\" \/>\n<meta name=\"twitter:label1\" content=\"Est. reading time\" \/>\n\t<meta name=\"twitter:data1\" content=\"4 minutes\" \/>\n<script type=\"application\/ld+json\" class=\"yoast-schema-graph\">{\"@context\":\"https:\/\/schema.org\",\"@graph\":[{\"@type\":\"WebPage\",\"@id\":\"https:\/\/indeep-liveaboard.com\/de\/schedule\/\",\"url\":\"https:\/\/indeep-liveaboard.com\/de\/schedule\/\",\"name\":\"Termine - Indeep Liveaboard\",\"isPartOf\":{\"@id\":\"https:\/\/indeep-liveaboard.com\/#website\"},\"datePublished\":\"2022-07-25T19:46:54+00:00\",\"dateModified\":\"2023-08-19T09:22:23+00:00\",\"breadcrumb\":{\"@id\":\"https:\/\/indeep-liveaboard.com\/de\/schedule\/#breadcrumb\"},\"inLanguage\":\"de-DE\",\"potentialAction\":[{\"@type\":\"ReadAction\",\"target\":[\"https:\/\/indeep-liveaboard.com\/de\/schedule\/\"]}]},{\"@type\":\"BreadcrumbList\",\"@id\":\"https:\/\/indeep-liveaboard.com\/de\/schedule\/#breadcrumb\",\"itemListElement\":[{\"@type\":\"ListItem\",\"position\":1,\"name\":\"Home\",\"item\":\"https:\/\/indeep-liveaboard.com\/de\/\"},{\"@type\":\"ListItem\",\"position\":2,\"name\":\"Termine\"}]},{\"@type\":\"WebSite\",\"@id\":\"https:\/\/indeep-liveaboard.com\/#website\",\"url\":\"https:\/\/indeep-liveaboard.com\/\",\"name\":\"Indeep Liveaboard\",\"description\":\"\",\"potentialAction\":[{\"@type\":\"SearchAction\",\"target\":{\"@type\":\"EntryPoint\",\"urlTemplate\":\"https:\/\/indeep-liveaboard.com\/?s={search_term_string}\"},\"query-input\":{\"@type\":\"PropertyValueSpecification\",\"valueRequired\":true,\"valueName\":\"search_term_string\"}}],\"inLanguage\":\"de-DE\"}]}<\/script>\n<!-- \/ Yoast SEO plugin. -->","yoast_head_json":{"title":"Termine - Indeep Liveaboard","robots":{"index":"index","follow":"follow","max-snippet":"max-snippet:-1","max-image-preview":"max-image-preview:large","max-video-preview":"max-video-preview:-1"},"canonical":"https:\/\/indeep-liveaboard.com\/de\/schedule\/","og_locale":"de_DE","og_type":"article","og_title":"Termine - Indeep Liveaboard","og_url":"https:\/\/indeep-liveaboard.com\/de\/schedule\/","og_site_name":"Indeep Liveaboard","article_modified_time":"2023-08-19T09:22:23+00:00","twitter_card":"summary_large_image","twitter_misc":{"Est. reading time":"4 minutes"},"schema":{"@context":"https:\/\/schema.org","@graph":[{"@type":"WebPage","@id":"https:\/\/indeep-liveaboard.com\/de\/schedule\/","url":"https:\/\/indeep-liveaboard.com\/de\/schedule\/","name":"Termine - Indeep Liveaboard","isPartOf":{"@id":"https:\/\/indeep-liveaboard.com\/#website"},"datePublished":"2022-07-25T19:46:54+00:00","dateModified":"2023-08-19T09:22:23+00:00","breadcrumb":{"@id":"https:\/\/indeep-liveaboard.com\/de\/schedule\/#breadcrumb"},"inLanguage":"de-DE","potentialAction":[{"@type":"ReadAction","target":["https:\/\/indeep-liveaboard.com\/de\/schedule\/"]}]},{"@type":"BreadcrumbList","@id":"https:\/\/indeep-liveaboard.com\/de\/schedule\/#breadcrumb","itemListElement":[{"@type":"ListItem","position":1,"name":"Home","item":"https:\/\/indeep-liveaboard.com\/de\/"},{"@type":"ListItem","position":2,"name":"Termine"}]},{"@type":"WebSite","@id":"https:\/\/indeep-liveaboard.com\/#website","url":"https:\/\/indeep-liveaboard.com\/","name":"Indeep Liveaboard","description":"","potentialAction":[{"@type":"SearchAction","target":{"@type":"EntryPoint","urlTemplate":"https:\/\/indeep-liveaboard.com\/?s={search_term_string}"},"query-input":{"@type":"PropertyValueSpecification","valueRequired":true,"valueName":"search_term_string"}}],"inLanguage":"de-DE"}]}},"_links":{"self":[{"href":"https:\/\/indeep-liveaboard.com\/de\/wp-json\/wp\/v2\/pages\/3408","targetHints":{"allow":["GET"]}}],"collection":[{"href":"https:\/\/indeep-liveaboard.com\/de\/wp-json\/wp\/v2\/pages"}],"about":[{"href":"https:\/\/indeep-liveaboard.com\/de\/wp-json\/wp\/v2\/types\/page"}],"author":[{"embeddable":true,"href":"https:\/\/indeep-liveaboard.com\/de\/wp-json\/wp\/v2\/users\/1"}],"replies":[{"embeddable":true,"href":"https:\/\/indeep-liveaboard.com\/de\/wp-json\/wp\/v2\/comments?post=3408"}],"version-history":[{"count":5,"href":"https:\/\/indeep-liveaboard.com\/de\/wp-json\/wp\/v2\/pages\/3408\/revisions"}],"predecessor-version":[{"id":3490,"href":"https:\/\/indeep-liveaboard.com\/de\/wp-json\/wp\/v2\/pages\/3408\/revisions\/3490"}],"wp:attachment":[{"href":"https:\/\/indeep-liveaboard.com\/de\/wp-json\/wp\/v2\/media?parent=3408"}],"curies":[{"name":"wp","href":"https:\/\/api.w.org\/{rel}","templated":true}]}}