{"id":3402,"date":"2022-06-29T21:01:38","date_gmt":"2022-06-29T21:01:38","guid":{"rendered":"https:\/\/indeep-liveaboard.com\/about-us\/"},"modified":"2023-10-11T07:47:57","modified_gmt":"2023-10-11T07:47:57","slug":"about-us","status":"publish","type":"page","link":"https:\/\/indeep-liveaboard.com\/de\/about-us\/","title":{"rendered":"Wer sind wir?"},"content":{"rendered":"<p><div class=\"fusion-fullwidth fullwidth-box fusion-builder-row-1 fusion-flex-container has-pattern-background has-mask-background fusion-parallax-none nonhundred-percent-fullwidth non-hundred-percent-height-scrolling lazyload\" style=\"--awb-border-radius-top-left:0px;--awb-border-radius-top-right:0px;--awb-border-radius-bottom-right:0px;--awb-border-radius-bottom-left:0px;--awb-margin-top-small:50px;--awb-min-height:600px;--awb-background-size:cover;--awb-flex-wrap:wrap;\" data-bg=\"https:\/\/indeep-liveaboard.com\/wp-content\/uploads\/2023\/04\/About-Indeep-Liveaboard-e1680550608836.jpeg\" ><div class=\"fusion-builder-row fusion-row fusion-flex-align-items-flex-start fusion-flex-content-wrap\" style=\"max-width:1414.4px;margin-left: calc(-4% \/ 2 );margin-right: calc(-4% \/ 2 );\"><\/div><\/div>\n<div class=\"fusion-fullwidth fullwidth-box fusion-builder-row-2 fusion-flex-container nonhundred-percent-fullwidth non-hundred-percent-height-scrolling\" style=\"--awb-border-radius-top-left:0px;--awb-border-radius-top-right:0px;--awb-border-radius-bottom-right:0px;--awb-border-radius-bottom-left:0px;--awb-margin-top:100px;--awb-flex-wrap:wrap;\" ><div class=\"fusion-builder-row fusion-row fusion-flex-align-items-center fusion-flex-content-wrap\" style=\"max-width:calc( 1360px + 30px );margin-left: calc(-30px \/ 2 );margin-right: calc(-30px \/ 2 );\"><div class=\"fusion-layout-column fusion_builder_column fusion-builder-column-0 fusion_builder_column_1_2 1_2 fusion-flex-column fusion-flex-align-self-center fusion-no-small-visibility\" style=\"--awb-bg-repeat:repeat-x;--awb-width-large:50%;--awb-margin-top-large:0px;--awb-spacing-right-large:15px;--awb-margin-bottom-large:0px;--awb-spacing-left-large:15px;--awb-width-medium:50%;--awb-order-medium:0;--awb-spacing-right-medium:15px;--awb-spacing-left-medium:15px;--awb-width-small:100%;--awb-order-small:0;--awb-spacing-right-small:15px;--awb-spacing-left-small:15px;\"><div class=\"fusion-column-wrapper fusion-column-has-shadow fusion-flex-justify-content-flex-start fusion-content-layout-column\"><div class=\"fusion-image-element \" style=\"--awb-caption-title-font-family:var(--h2_typography-font-family);--awb-caption-title-font-weight:var(--h2_typography-font-weight);--awb-caption-title-font-style:var(--h2_typography-font-style);--awb-caption-title-size:var(--h2_typography-font-size);--awb-caption-title-transform:var(--h2_typography-text-transform);--awb-caption-title-line-height:var(--h2_typography-line-height);--awb-caption-title-letter-spacing:var(--h2_typography-letter-spacing);\"><span class=\" fusion-imageframe imageframe-none imageframe-1 hover-type-none\"><img decoding=\"async\" width=\"600\" height=\"600\" title=\"North Tiran Dahab copy\" src=\"https:\/\/indeep-liveaboard.com\/wp-content\/uploads\/2023\/03\/North-Tiran-Dahab-copy.jpeg\" data-orig-src=\"https:\/\/indeep-liveaboard.com\/wp-content\/uploads\/2023\/03\/North-Tiran-Dahab-copy.jpeg\" alt class=\"lazyload img-responsive wp-image-3076\" srcset=\"data:image\/svg+xml,%3Csvg%20xmlns%3D%27http%3A%2F%2Fwww.w3.org%2F2000%2Fsvg%27%20width%3D%27600%27%20height%3D%27600%27%20viewBox%3D%270%200%20600%20600%27%3E%3Crect%20width%3D%27600%27%20height%3D%27600%27%20fill-opacity%3D%220%22%2F%3E%3C%2Fsvg%3E\" data-srcset=\"https:\/\/indeep-liveaboard.com\/wp-content\/uploads\/2023\/03\/North-Tiran-Dahab-copy-200x200.jpeg 200w, https:\/\/indeep-liveaboard.com\/wp-content\/uploads\/2023\/03\/North-Tiran-Dahab-copy-400x400.jpeg 400w, https:\/\/indeep-liveaboard.com\/wp-content\/uploads\/2023\/03\/North-Tiran-Dahab-copy.jpeg 600w\" data-sizes=\"auto\" data-orig-sizes=\"(max-width: 800px) 100vw, 600px\" \/><\/span><\/div><\/div><\/div><div class=\"fusion-layout-column fusion_builder_column fusion-builder-column-1 fusion_builder_column_1_2 1_2 fusion-flex-column fusion-flex-align-self-center\" style=\"--awb-bg-size:cover;--awb-width-large:50%;--awb-margin-top-large:0px;--awb-spacing-right-large:15px;--awb-margin-bottom-large:0px;--awb-spacing-left-large:15px;--awb-width-medium:50%;--awb-order-medium:0;--awb-spacing-right-medium:15px;--awb-spacing-left-medium:15px;--awb-width-small:100%;--awb-order-small:0;--awb-spacing-right-small:15px;--awb-spacing-left-small:15px;\"><div class=\"fusion-column-wrapper fusion-column-has-shadow fusion-flex-justify-content-flex-start fusion-content-layout-column\"><div ><a class=\"fusion-button button-flat fusion-button-default-size button-custom fusion-button-default button-1 fusion-button-default-span fusion-button-default-type\" style=\"--button_accent_color:hsla(calc(var(--awb-color4-h) + 46),var(--awb-color4-s),calc(var(--awb-color4-l) - 18%),var(--awb-color4-a));--button_border_color:var(--awb-color4);--button_accent_hover_color:hsla(calc(var(--awb-color4-h) + 46),var(--awb-color4-s),calc(var(--awb-color4-l) - 18%),var(--awb-color4-a));--button_border_hover_color:var(--awb-color4);--button_gradient_top_color:hsla(calc(var(--awb-color4-h) + 46),var(--awb-color4-s),calc(var(--awb-color4-l) - 18%),calc(var(--awb-color4-a) - 85%));--button_gradient_bottom_color:hsla(calc(var(--awb-color4-h) + 46),var(--awb-color4-s),calc(var(--awb-color4-l) - 18%),calc(var(--awb-color4-a) - 85%));--button_gradient_top_color_hover:hsla(calc(var(--awb-color4-h) + 46),var(--awb-color4-s),calc(var(--awb-color4-l) - 18%),calc(var(--awb-color4-a) - 85%));--button_gradient_bottom_color_hover:hsla(calc(var(--awb-color4-h) + 46),var(--awb-color4-s),calc(var(--awb-color4-l) - 18%),calc(var(--awb-color4-a) - 85%));--button_text_transform:var(--awb-typography5-text-transform);--button_font_size:var(--awb-typography5-font-size);--button_line_height:var(--awb-typography5-line-height);--button_padding-top:8px;--button_padding-right:20px;--button_padding-bottom:8px;--button_padding-left:20px;--button_typography-letter-spacing:var(--awb-typography5-letter-spacing);--button_typography-font-family:var(--awb-typography5-font-family);--button_typography-font-weight:var(--awb-typography5-font-weight);--button_typography-font-style:var(--awb-typography5-font-style);\" target=\"_self\"><span class=\"fusion-button-text awb-button__text awb-button__text--default\">Wir sind euer Tauchsafari Spezialist<\/span><\/a><\/div><div class=\"fusion-title title fusion-title-1 fusion-sep-none fusion-title-text fusion-title-size-three\" style=\"--awb-margin-top:25px;--awb-margin-bottom:25px;--awb-margin-top-small:20px;--awb-margin-bottom-small:20px;\"><h3 class=\"fusion-title-heading title-heading-left\" style=\"margin:0;\">Entdeckt vielf\u00e4ltige Tauchsafari-Destinationen weltweit mit uns von Indeep Liveaboard!<\/h3><\/div><div class=\"fusion-text fusion-text-1\"><p>Wir, die Gr\u00fcnder von Indeep Liveaboard, sind drei Tauchlehrer mit je \u00fcber 20 Jahren Erfahrung in der Tauchindustrie, insbesondere im Roten Meer, an Bord und and Land der verschiedensten Tauchpl\u00e4tze. In den letzten 15 Jahren haben wir uns haupts\u00e4chlich auf das Tauchsafari-Gesch\u00e4ft fokussiert, und waren in der F\u00fchrung und im Top-Management einiger der besten Tauchsafari-Unternehmen.<\/p>\n<p>In den vergangenen 20 Jahren haben wir, extremviel praktische Erfahrungen gesammelt und waren in direktem Kontakt zu unseren G\u00e4sten an Bord. Dadurch k\u00f6nnen wir die Bed\u00fcrfnisse unserer G\u00e4ste sehr gut verstehen und k\u00f6nnen euch, so den bestm\u00f6glichen Komfort und Zufriedenheit an Bord bieten. Seit 2014 f\u00fchren wir j\u00e4hrlich unsere eigenen Tauchsafaris und Tauchkurse in einer privaten, kleinen Gemeinschaft durch, die auf unseren pers\u00f6nlichen Kontakten und Freunden basiert.<\/p>\n<\/div><div class=\"fusion-separator fusion-full-width-sep\" style=\"align-self: center;margin-left: auto;margin-right: auto;margin-top:15px;margin-bottom:45px;width:100%;\"><div class=\"fusion-separator-border sep-single sep-dashed\" style=\"--awb-height:20px;--awb-amount:20px;--awb-sep-color:var(--awb-color4);border-color:var(--awb-color4);border-top-width:1px;\"><\/div><\/div><\/div><\/div><div class=\"fusion-layout-column fusion_builder_column fusion-builder-column-2 fusion_builder_column_1_1 1_1 fusion-flex-column\" style=\"--awb-padding-top:20px;--awb-bg-size:cover;--awb-width-large:100%;--awb-margin-top-large:0px;--awb-spacing-right-large:15px;--awb-margin-bottom-large:20px;--awb-spacing-left-large:15px;--awb-width-medium:100%;--awb-order-medium:0;--awb-spacing-right-medium:15px;--awb-spacing-left-medium:15px;--awb-width-small:100%;--awb-order-small:0;--awb-spacing-right-small:15px;--awb-spacing-left-small:15px;\"><div class=\"fusion-column-wrapper fusion-column-has-shadow fusion-flex-justify-content-flex-start fusion-content-layout-column\"><div class=\"fusion-text fusion-text-2\"><p>2022 haben wir nun endlich beschlossen, unser Gesch\u00e4ft auszubauen und unser Unternehmen weltweit zu expandieren. Zurzeit bieten wir drei verschiedene Tauchziele an: \u00c4gypten, die Malediven und unser neues, unber\u00fchrtes Ziel, das K\u00f6nigreich Saudi-Arabien. Einer von uns Eigent\u00fcmern wird immer als Kreuzfahrtdirektor an Bord sein, um die Qualit\u00e4t, den Standard und Service, sowie die hohen Sicherheitsstandards zu gew\u00e4hrleisten. Unser Ziel ist es, unseren G\u00e4sten einzigartige Momente und Erlebnisse Unterwasser zu bieten, unsere Freude am Tauchen weiterzugeben und unsere Freundschaften in der Tauchergemeinschaft weltweit zu vergr\u00f6ssern.<\/p>\n<\/div><\/div><\/div><\/div><\/div>\n<\/p>\n","protected":false},"excerpt":{"rendered":"","protected":false},"author":1,"featured_media":0,"parent":0,"menu_order":0,"comment_status":"closed","ping_status":"closed","template":"100-width.php","meta":{"footnotes":""},"class_list":["post-3402","page","type-page","status-publish","hentry"],"yoast_head":"<!-- This site is optimized with the Yoast SEO plugin v27.2 - https:\/\/yoast.com\/product\/yoast-seo-wordpress\/ -->\n<title>Wer sind wir? - Indeep Liveaboard<\/title>\n<meta name=\"robots\" content=\"index, follow, max-snippet:-1, max-image-preview:large, max-video-preview:-1\" \/>\n<link rel=\"canonical\" href=\"https:\/\/indeep-liveaboard.com\/de\/about-us\/\" \/>\n<meta property=\"og:locale\" content=\"de_DE\" \/>\n<meta property=\"og:type\" content=\"article\" \/>\n<meta property=\"og:title\" content=\"Wer sind wir? - Indeep Liveaboard\" \/>\n<meta property=\"og:url\" content=\"https:\/\/indeep-liveaboard.com\/de\/about-us\/\" \/>\n<meta property=\"og:site_name\" content=\"Indeep Liveaboard\" \/>\n<meta property=\"article:modified_time\" content=\"2023-10-11T07:47:57+00:00\" \/>\n<meta name=\"twitter:card\" content=\"summary_large_image\" \/>\n<meta name=\"twitter:label1\" content=\"Est. reading time\" \/>\n\t<meta name=\"twitter:data1\" content=\"4 minutes\" \/>\n<script type=\"application\/ld+json\" class=\"yoast-schema-graph\">{\"@context\":\"https:\/\/schema.org\",\"@graph\":[{\"@type\":\"WebPage\",\"@id\":\"https:\/\/indeep-liveaboard.com\/de\/about-us\/\",\"url\":\"https:\/\/indeep-liveaboard.com\/de\/about-us\/\",\"name\":\"Wer sind wir? - Indeep Liveaboard\",\"isPartOf\":{\"@id\":\"https:\/\/indeep-liveaboard.com\/#website\"},\"datePublished\":\"2022-06-29T21:01:38+00:00\",\"dateModified\":\"2023-10-11T07:47:57+00:00\",\"breadcrumb\":{\"@id\":\"https:\/\/indeep-liveaboard.com\/de\/about-us\/#breadcrumb\"},\"inLanguage\":\"de-DE\",\"potentialAction\":[{\"@type\":\"ReadAction\",\"target\":[\"https:\/\/indeep-liveaboard.com\/de\/about-us\/\"]}]},{\"@type\":\"BreadcrumbList\",\"@id\":\"https:\/\/indeep-liveaboard.com\/de\/about-us\/#breadcrumb\",\"itemListElement\":[{\"@type\":\"ListItem\",\"position\":1,\"name\":\"Home\",\"item\":\"https:\/\/indeep-liveaboard.com\/de\/\"},{\"@type\":\"ListItem\",\"position\":2,\"name\":\"Wer sind wir?\"}]},{\"@type\":\"WebSite\",\"@id\":\"https:\/\/indeep-liveaboard.com\/#website\",\"url\":\"https:\/\/indeep-liveaboard.com\/\",\"name\":\"Indeep Liveaboard\",\"description\":\"\",\"potentialAction\":[{\"@type\":\"SearchAction\",\"target\":{\"@type\":\"EntryPoint\",\"urlTemplate\":\"https:\/\/indeep-liveaboard.com\/?s={search_term_string}\"},\"query-input\":{\"@type\":\"PropertyValueSpecification\",\"valueRequired\":true,\"valueName\":\"search_term_string\"}}],\"inLanguage\":\"de-DE\"}]}<\/script>\n<!-- \/ Yoast SEO plugin. -->","yoast_head_json":{"title":"Wer sind wir? - Indeep Liveaboard","robots":{"index":"index","follow":"follow","max-snippet":"max-snippet:-1","max-image-preview":"max-image-preview:large","max-video-preview":"max-video-preview:-1"},"canonical":"https:\/\/indeep-liveaboard.com\/de\/about-us\/","og_locale":"de_DE","og_type":"article","og_title":"Wer sind wir? - Indeep Liveaboard","og_url":"https:\/\/indeep-liveaboard.com\/de\/about-us\/","og_site_name":"Indeep Liveaboard","article_modified_time":"2023-10-11T07:47:57+00:00","twitter_card":"summary_large_image","twitter_misc":{"Est. reading time":"4 minutes"},"schema":{"@context":"https:\/\/schema.org","@graph":[{"@type":"WebPage","@id":"https:\/\/indeep-liveaboard.com\/de\/about-us\/","url":"https:\/\/indeep-liveaboard.com\/de\/about-us\/","name":"Wer sind wir? - Indeep Liveaboard","isPartOf":{"@id":"https:\/\/indeep-liveaboard.com\/#website"},"datePublished":"2022-06-29T21:01:38+00:00","dateModified":"2023-10-11T07:47:57+00:00","breadcrumb":{"@id":"https:\/\/indeep-liveaboard.com\/de\/about-us\/#breadcrumb"},"inLanguage":"de-DE","potentialAction":[{"@type":"ReadAction","target":["https:\/\/indeep-liveaboard.com\/de\/about-us\/"]}]},{"@type":"BreadcrumbList","@id":"https:\/\/indeep-liveaboard.com\/de\/about-us\/#breadcrumb","itemListElement":[{"@type":"ListItem","position":1,"name":"Home","item":"https:\/\/indeep-liveaboard.com\/de\/"},{"@type":"ListItem","position":2,"name":"Wer sind wir?"}]},{"@type":"WebSite","@id":"https:\/\/indeep-liveaboard.com\/#website","url":"https:\/\/indeep-liveaboard.com\/","name":"Indeep Liveaboard","description":"","potentialAction":[{"@type":"SearchAction","target":{"@type":"EntryPoint","urlTemplate":"https:\/\/indeep-liveaboard.com\/?s={search_term_string}"},"query-input":{"@type":"PropertyValueSpecification","valueRequired":true,"valueName":"search_term_string"}}],"inLanguage":"de-DE"}]}},"_links":{"self":[{"href":"https:\/\/indeep-liveaboard.com\/de\/wp-json\/wp\/v2\/pages\/3402","targetHints":{"allow":["GET"]}}],"collection":[{"href":"https:\/\/indeep-liveaboard.com\/de\/wp-json\/wp\/v2\/pages"}],"about":[{"href":"https:\/\/indeep-liveaboard.com\/de\/wp-json\/wp\/v2\/types\/page"}],"author":[{"embeddable":true,"href":"https:\/\/indeep-liveaboard.com\/de\/wp-json\/wp\/v2\/users\/1"}],"replies":[{"embeddable":true,"href":"https:\/\/indeep-liveaboard.com\/de\/wp-json\/wp\/v2\/comments?post=3402"}],"version-history":[{"count":6,"href":"https:\/\/indeep-liveaboard.com\/de\/wp-json\/wp\/v2\/pages\/3402\/revisions"}],"predecessor-version":[{"id":3590,"href":"https:\/\/indeep-liveaboard.com\/de\/wp-json\/wp\/v2\/pages\/3402\/revisions\/3590"}],"wp:attachment":[{"href":"https:\/\/indeep-liveaboard.com\/de\/wp-json\/wp\/v2\/media?parent=3402"}],"curies":[{"name":"wp","href":"https:\/\/api.w.org\/{rel}","templated":true}]}}